{"id":842,"date":"2023-09-26T09:18:24","date_gmt":"2023-09-26T07:18:24","guid":{"rendered":"https:\/\/www.finnit.com\/nieuws\/"},"modified":"2023-09-26T09:31:37","modified_gmt":"2023-09-26T07:31:37","slug":"nouvelles","status":"publish","type":"page","link":"https:\/\/www.finnit.com\/fr\/nouvelles\/","title":{"rendered":"Nouvelles"},"content":{"rendered":"","protected":false},"excerpt":{"rendered":"","protected":false},"author":4,"featured_media":0,"parent":0,"menu_order":0,"comment_status":"closed","ping_status":"closed","template":"","meta":{"_acf_changed":false,"footnotes":""},"class_list":["post-842","page","type-page","status-publish","hentry"],"acf":[],"yoast_head":"<!-- This site is optimized with the Yoast SEO plugin v27.0 - https:\/\/yoast.com\/product\/yoast-seo-wordpress\/ -->\n<title>Nouvelles - Finnit<\/title>\n<meta name=\"description\" content=\"Restez inform\u00e9 des derni\u00e8res nouvelles et articles sur la ERP. Explorez des articles de blog informatifs et restez inform\u00e9 des derni\u00e8res tendances, mises \u00e0 jour et informations dans le monde de la ERP.\" \/>\n<meta name=\"robots\" content=\"index, follow, max-snippet:-1, max-image-preview:large, max-video-preview:-1\" \/>\n<link rel=\"canonical\" href=\"https:\/\/www.finnit.com\/fr\/nouvelles\/\" \/>\n<meta property=\"og:locale\" content=\"fr_FR\" \/>\n<meta property=\"og:type\" content=\"article\" \/>\n<meta property=\"og:title\" content=\"Nouvelles - Finnit\" \/>\n<meta property=\"og:description\" content=\"Restez inform\u00e9 des derni\u00e8res nouvelles et articles sur la ERP. Explorez des articles de blog informatifs et restez inform\u00e9 des derni\u00e8res tendances, mises \u00e0 jour et informations dans le monde de la ERP.\" \/>\n<meta property=\"og:url\" content=\"https:\/\/www.finnit.com\/fr\/nouvelles\/\" \/>\n<meta property=\"og:site_name\" content=\"Finnit\" \/>\n<meta property=\"article:modified_time\" content=\"2023-09-26T07:31:37+00:00\" \/>\n<meta name=\"twitter:card\" content=\"summary_large_image\" \/>\n<script type=\"application\/ld+json\" class=\"yoast-schema-graph\">{\"@context\":\"https:\/\/schema.org\",\"@graph\":[{\"@type\":\"WebPage\",\"@id\":\"https:\/\/www.finnit.com\/fr\/nouvelles\/\",\"url\":\"https:\/\/www.finnit.com\/fr\/nouvelles\/\",\"name\":\"Nouvelles - Finnit\",\"isPartOf\":{\"@id\":\"https:\/\/www.finnit.com\/fr\/#website\"},\"datePublished\":\"2023-09-26T07:18:24+00:00\",\"dateModified\":\"2023-09-26T07:31:37+00:00\",\"description\":\"Restez inform\u00e9 des derni\u00e8res nouvelles et articles sur la ERP. Explorez des articles de blog informatifs et restez inform\u00e9 des derni\u00e8res tendances, mises \u00e0 jour et informations dans le monde de la ERP.\",\"breadcrumb\":{\"@id\":\"https:\/\/www.finnit.com\/fr\/nouvelles\/#breadcrumb\"},\"inLanguage\":\"fr-FR\",\"potentialAction\":[{\"@type\":\"ReadAction\",\"target\":[\"https:\/\/www.finnit.com\/fr\/nouvelles\/\"]}]},{\"@type\":\"BreadcrumbList\",\"@id\":\"https:\/\/www.finnit.com\/fr\/nouvelles\/#breadcrumb\",\"itemListElement\":[{\"@type\":\"ListItem\",\"position\":1,\"name\":\"Home\",\"item\":\"https:\/\/www.finnit.com\/fr\/home\/\"},{\"@type\":\"ListItem\",\"position\":2,\"name\":\"Nouvelles\"}]},{\"@type\":\"WebSite\",\"@id\":\"https:\/\/www.finnit.com\/fr\/#website\",\"url\":\"https:\/\/www.finnit.com\/fr\/\",\"name\":\"Finnit\",\"description\":\"\",\"publisher\":{\"@id\":\"https:\/\/www.finnit.com\/fr\/#organization\"},\"potentialAction\":[{\"@type\":\"SearchAction\",\"target\":{\"@type\":\"EntryPoint\",\"urlTemplate\":\"https:\/\/www.finnit.com\/fr\/?s={search_term_string}\"},\"query-input\":{\"@type\":\"PropertyValueSpecification\",\"valueRequired\":true,\"valueName\":\"search_term_string\"}}],\"inLanguage\":\"fr-FR\"},{\"@type\":\"Organization\",\"@id\":\"https:\/\/www.finnit.com\/fr\/#organization\",\"name\":\"Finnit\",\"url\":\"https:\/\/www.finnit.com\/fr\/\",\"logo\":{\"@type\":\"ImageObject\",\"inLanguage\":\"fr-FR\",\"@id\":\"https:\/\/www.finnit.com\/fr\/#\/schema\/logo\/image\/\",\"url\":\"https:\/\/www.finnit.com\/wp-content\/uploads\/2020\/01\/logo-footer.png\",\"contentUrl\":\"https:\/\/www.finnit.com\/wp-content\/uploads\/2020\/01\/logo-footer.png\",\"width\":260,\"height\":38,\"caption\":\"Finnit\"},\"image\":{\"@id\":\"https:\/\/www.finnit.com\/fr\/#\/schema\/logo\/image\/\"},\"sameAs\":[\"https:\/\/be.linkedin.com\/in\/toonsneyers\/en\"]}]}<\/script>\n<!-- \/ Yoast SEO plugin. -->","yoast_head_json":{"title":"Nouvelles - Finnit","description":"Restez inform\u00e9 des derni\u00e8res nouvelles et articles sur la ERP. Explorez des articles de blog informatifs et restez inform\u00e9 des derni\u00e8res tendances, mises \u00e0 jour et informations dans le monde de la ERP.","robots":{"index":"index","follow":"follow","max-snippet":"max-snippet:-1","max-image-preview":"max-image-preview:large","max-video-preview":"max-video-preview:-1"},"canonical":"https:\/\/www.finnit.com\/fr\/nouvelles\/","og_locale":"fr_FR","og_type":"article","og_title":"Nouvelles - Finnit","og_description":"Restez inform\u00e9 des derni\u00e8res nouvelles et articles sur la ERP. Explorez des articles de blog informatifs et restez inform\u00e9 des derni\u00e8res tendances, mises \u00e0 jour et informations dans le monde de la ERP.","og_url":"https:\/\/www.finnit.com\/fr\/nouvelles\/","og_site_name":"Finnit","article_modified_time":"2023-09-26T07:31:37+00:00","twitter_card":"summary_large_image","schema":{"@context":"https:\/\/schema.org","@graph":[{"@type":"WebPage","@id":"https:\/\/www.finnit.com\/fr\/nouvelles\/","url":"https:\/\/www.finnit.com\/fr\/nouvelles\/","name":"Nouvelles - Finnit","isPartOf":{"@id":"https:\/\/www.finnit.com\/fr\/#website"},"datePublished":"2023-09-26T07:18:24+00:00","dateModified":"2023-09-26T07:31:37+00:00","description":"Restez inform\u00e9 des derni\u00e8res nouvelles et articles sur la ERP. Explorez des articles de blog informatifs et restez inform\u00e9 des derni\u00e8res tendances, mises \u00e0 jour et informations dans le monde de la ERP.","breadcrumb":{"@id":"https:\/\/www.finnit.com\/fr\/nouvelles\/#breadcrumb"},"inLanguage":"fr-FR","potentialAction":[{"@type":"ReadAction","target":["https:\/\/www.finnit.com\/fr\/nouvelles\/"]}]},{"@type":"BreadcrumbList","@id":"https:\/\/www.finnit.com\/fr\/nouvelles\/#breadcrumb","itemListElement":[{"@type":"ListItem","position":1,"name":"Home","item":"https:\/\/www.finnit.com\/fr\/home\/"},{"@type":"ListItem","position":2,"name":"Nouvelles"}]},{"@type":"WebSite","@id":"https:\/\/www.finnit.com\/fr\/#website","url":"https:\/\/www.finnit.com\/fr\/","name":"Finnit","description":"","publisher":{"@id":"https:\/\/www.finnit.com\/fr\/#organization"},"potentialAction":[{"@type":"SearchAction","target":{"@type":"EntryPoint","urlTemplate":"https:\/\/www.finnit.com\/fr\/?s={search_term_string}"},"query-input":{"@type":"PropertyValueSpecification","valueRequired":true,"valueName":"search_term_string"}}],"inLanguage":"fr-FR"},{"@type":"Organization","@id":"https:\/\/www.finnit.com\/fr\/#organization","name":"Finnit","url":"https:\/\/www.finnit.com\/fr\/","logo":{"@type":"ImageObject","inLanguage":"fr-FR","@id":"https:\/\/www.finnit.com\/fr\/#\/schema\/logo\/image\/","url":"https:\/\/www.finnit.com\/wp-content\/uploads\/2020\/01\/logo-footer.png","contentUrl":"https:\/\/www.finnit.com\/wp-content\/uploads\/2020\/01\/logo-footer.png","width":260,"height":38,"caption":"Finnit"},"image":{"@id":"https:\/\/www.finnit.com\/fr\/#\/schema\/logo\/image\/"},"sameAs":["https:\/\/be.linkedin.com\/in\/toonsneyers\/en"]}]}},"_links":{"self":[{"href":"https:\/\/www.finnit.com\/fr\/wp-json\/wp\/v2\/pages\/842","targetHints":{"allow":["GET"]}}],"collection":[{"href":"https:\/\/www.finnit.com\/fr\/wp-json\/wp\/v2\/pages"}],"about":[{"href":"https:\/\/www.finnit.com\/fr\/wp-json\/wp\/v2\/types\/page"}],"author":[{"embeddable":true,"href":"https:\/\/www.finnit.com\/fr\/wp-json\/wp\/v2\/users\/4"}],"replies":[{"embeddable":true,"href":"https:\/\/www.finnit.com\/fr\/wp-json\/wp\/v2\/comments?post=842"}],"version-history":[{"count":1,"href":"https:\/\/www.finnit.com\/fr\/wp-json\/wp\/v2\/pages\/842\/revisions"}],"predecessor-version":[{"id":844,"href":"https:\/\/www.finnit.com\/fr\/wp-json\/wp\/v2\/pages\/842\/revisions\/844"}],"wp:attachment":[{"href":"https:\/\/www.finnit.com\/fr\/wp-json\/wp\/v2\/media?parent=842"}],"curies":[{"name":"wp","href":"https:\/\/api.w.org\/{rel}","templated":true}]}}