{"id":575,"date":"2019-02-14T18:14:06","date_gmt":"2019-02-14T16:14:06","guid":{"rendered":"https:\/\/www.finnit.com\/manufacturing\/"},"modified":"2023-09-22T08:56:25","modified_gmt":"2023-09-22T06:56:25","slug":"manufacturing","status":"publish","type":"page","link":"https:\/\/www.finnit.com\/fr\/manufacturing\/","title":{"rendered":"Fabrication"},"content":{"rendered":"","protected":false},"excerpt":{"rendered":"","protected":false},"author":1,"featured_media":0,"parent":0,"menu_order":4,"comment_status":"closed","ping_status":"closed","template":"template-sectors.php","meta":{"_acf_changed":false,"footnotes":""},"class_list":["post-575","page","type-page","status-publish","hentry"],"acf":[],"yoast_head":"<!-- This site is optimized with the Yoast SEO plugin v27.0 - https:\/\/yoast.com\/product\/yoast-seo-wordpress\/ -->\n<title>Fabrication - Finnit<\/title>\n<meta name=\"description\" content=\"Finnit fournit des services d&#039;agence ind\u00e9pendante pour les logiciels ERP adapt\u00e9s aux besoins de votre entreprise. Nos packages personnalis\u00e9s rendent votre production plus rapide, plus agile et plus saine gr\u00e2ce \u00e0 des processus transparents et des solutions cibl\u00e9es contre les goulots d&#039;\u00e9tranglement.\" \/>\n<meta name=\"robots\" content=\"index, follow, max-snippet:-1, max-image-preview:large, max-video-preview:-1\" \/>\n<link rel=\"canonical\" href=\"https:\/\/www.finnit.com\/fr\/manufacturing\/\" \/>\n<meta property=\"og:locale\" content=\"fr_FR\" \/>\n<meta property=\"og:type\" content=\"article\" \/>\n<meta property=\"og:title\" content=\"Fabrication - Finnit\" \/>\n<meta property=\"og:description\" content=\"Finnit fournit des services d&#039;agence ind\u00e9pendante pour les logiciels ERP adapt\u00e9s aux besoins de votre entreprise. Nos packages personnalis\u00e9s rendent votre production plus rapide, plus agile et plus saine gr\u00e2ce \u00e0 des processus transparents et des solutions cibl\u00e9es contre les goulots d&#039;\u00e9tranglement.\" \/>\n<meta property=\"og:url\" content=\"https:\/\/www.finnit.com\/fr\/manufacturing\/\" \/>\n<meta property=\"og:site_name\" content=\"Finnit\" \/>\n<meta property=\"article:modified_time\" content=\"2023-09-22T06:56:25+00:00\" \/>\n<meta name=\"twitter:card\" content=\"summary_large_image\" \/>\n<script type=\"application\/ld+json\" class=\"yoast-schema-graph\">{\"@context\":\"https:\/\/schema.org\",\"@graph\":[{\"@type\":\"WebPage\",\"@id\":\"https:\/\/www.finnit.com\/fr\/manufacturing\/\",\"url\":\"https:\/\/www.finnit.com\/fr\/manufacturing\/\",\"name\":\"Fabrication - Finnit\",\"isPartOf\":{\"@id\":\"https:\/\/www.finnit.com\/fr\/#website\"},\"datePublished\":\"2019-02-14T16:14:06+00:00\",\"dateModified\":\"2023-09-22T06:56:25+00:00\",\"description\":\"Finnit fournit des services d'agence ind\u00e9pendante pour les logiciels ERP adapt\u00e9s aux besoins de votre entreprise. Nos packages personnalis\u00e9s rendent votre production plus rapide, plus agile et plus saine gr\u00e2ce \u00e0 des processus transparents et des solutions cibl\u00e9es contre les goulots d'\u00e9tranglement.\",\"breadcrumb\":{\"@id\":\"https:\/\/www.finnit.com\/fr\/manufacturing\/#breadcrumb\"},\"inLanguage\":\"fr-FR\",\"potentialAction\":[{\"@type\":\"ReadAction\",\"target\":[\"https:\/\/www.finnit.com\/fr\/manufacturing\/\"]}]},{\"@type\":\"BreadcrumbList\",\"@id\":\"https:\/\/www.finnit.com\/fr\/manufacturing\/#breadcrumb\",\"itemListElement\":[{\"@type\":\"ListItem\",\"position\":1,\"name\":\"Home\",\"item\":\"https:\/\/www.finnit.com\/fr\/home\/\"},{\"@type\":\"ListItem\",\"position\":2,\"name\":\"Fabrication\"}]},{\"@type\":\"WebSite\",\"@id\":\"https:\/\/www.finnit.com\/fr\/#website\",\"url\":\"https:\/\/www.finnit.com\/fr\/\",\"name\":\"Finnit\",\"description\":\"\",\"publisher\":{\"@id\":\"https:\/\/www.finnit.com\/fr\/#organization\"},\"potentialAction\":[{\"@type\":\"SearchAction\",\"target\":{\"@type\":\"EntryPoint\",\"urlTemplate\":\"https:\/\/www.finnit.com\/fr\/?s={search_term_string}\"},\"query-input\":{\"@type\":\"PropertyValueSpecification\",\"valueRequired\":true,\"valueName\":\"search_term_string\"}}],\"inLanguage\":\"fr-FR\"},{\"@type\":\"Organization\",\"@id\":\"https:\/\/www.finnit.com\/fr\/#organization\",\"name\":\"Finnit\",\"url\":\"https:\/\/www.finnit.com\/fr\/\",\"logo\":{\"@type\":\"ImageObject\",\"inLanguage\":\"fr-FR\",\"@id\":\"https:\/\/www.finnit.com\/fr\/#\/schema\/logo\/image\/\",\"url\":\"https:\/\/www.finnit.com\/wp-content\/uploads\/2020\/01\/logo-footer.png\",\"contentUrl\":\"https:\/\/www.finnit.com\/wp-content\/uploads\/2020\/01\/logo-footer.png\",\"width\":260,\"height\":38,\"caption\":\"Finnit\"},\"image\":{\"@id\":\"https:\/\/www.finnit.com\/fr\/#\/schema\/logo\/image\/\"},\"sameAs\":[\"https:\/\/be.linkedin.com\/in\/toonsneyers\/en\"]}]}<\/script>\n<!-- \/ Yoast SEO plugin. -->","yoast_head_json":{"title":"Fabrication - Finnit","description":"Finnit fournit des services d'agence ind\u00e9pendante pour les logiciels ERP adapt\u00e9s aux besoins de votre entreprise. Nos packages personnalis\u00e9s rendent votre production plus rapide, plus agile et plus saine gr\u00e2ce \u00e0 des processus transparents et des solutions cibl\u00e9es contre les goulots d'\u00e9tranglement.","robots":{"index":"index","follow":"follow","max-snippet":"max-snippet:-1","max-image-preview":"max-image-preview:large","max-video-preview":"max-video-preview:-1"},"canonical":"https:\/\/www.finnit.com\/fr\/manufacturing\/","og_locale":"fr_FR","og_type":"article","og_title":"Fabrication - Finnit","og_description":"Finnit fournit des services d'agence ind\u00e9pendante pour les logiciels ERP adapt\u00e9s aux besoins de votre entreprise. Nos packages personnalis\u00e9s rendent votre production plus rapide, plus agile et plus saine gr\u00e2ce \u00e0 des processus transparents et des solutions cibl\u00e9es contre les goulots d'\u00e9tranglement.","og_url":"https:\/\/www.finnit.com\/fr\/manufacturing\/","og_site_name":"Finnit","article_modified_time":"2023-09-22T06:56:25+00:00","twitter_card":"summary_large_image","schema":{"@context":"https:\/\/schema.org","@graph":[{"@type":"WebPage","@id":"https:\/\/www.finnit.com\/fr\/manufacturing\/","url":"https:\/\/www.finnit.com\/fr\/manufacturing\/","name":"Fabrication - Finnit","isPartOf":{"@id":"https:\/\/www.finnit.com\/fr\/#website"},"datePublished":"2019-02-14T16:14:06+00:00","dateModified":"2023-09-22T06:56:25+00:00","description":"Finnit fournit des services d'agence ind\u00e9pendante pour les logiciels ERP adapt\u00e9s aux besoins de votre entreprise. Nos packages personnalis\u00e9s rendent votre production plus rapide, plus agile et plus saine gr\u00e2ce \u00e0 des processus transparents et des solutions cibl\u00e9es contre les goulots d'\u00e9tranglement.","breadcrumb":{"@id":"https:\/\/www.finnit.com\/fr\/manufacturing\/#breadcrumb"},"inLanguage":"fr-FR","potentialAction":[{"@type":"ReadAction","target":["https:\/\/www.finnit.com\/fr\/manufacturing\/"]}]},{"@type":"BreadcrumbList","@id":"https:\/\/www.finnit.com\/fr\/manufacturing\/#breadcrumb","itemListElement":[{"@type":"ListItem","position":1,"name":"Home","item":"https:\/\/www.finnit.com\/fr\/home\/"},{"@type":"ListItem","position":2,"name":"Fabrication"}]},{"@type":"WebSite","@id":"https:\/\/www.finnit.com\/fr\/#website","url":"https:\/\/www.finnit.com\/fr\/","name":"Finnit","description":"","publisher":{"@id":"https:\/\/www.finnit.com\/fr\/#organization"},"potentialAction":[{"@type":"SearchAction","target":{"@type":"EntryPoint","urlTemplate":"https:\/\/www.finnit.com\/fr\/?s={search_term_string}"},"query-input":{"@type":"PropertyValueSpecification","valueRequired":true,"valueName":"search_term_string"}}],"inLanguage":"fr-FR"},{"@type":"Organization","@id":"https:\/\/www.finnit.com\/fr\/#organization","name":"Finnit","url":"https:\/\/www.finnit.com\/fr\/","logo":{"@type":"ImageObject","inLanguage":"fr-FR","@id":"https:\/\/www.finnit.com\/fr\/#\/schema\/logo\/image\/","url":"https:\/\/www.finnit.com\/wp-content\/uploads\/2020\/01\/logo-footer.png","contentUrl":"https:\/\/www.finnit.com\/wp-content\/uploads\/2020\/01\/logo-footer.png","width":260,"height":38,"caption":"Finnit"},"image":{"@id":"https:\/\/www.finnit.com\/fr\/#\/schema\/logo\/image\/"},"sameAs":["https:\/\/be.linkedin.com\/in\/toonsneyers\/en"]}]}},"_links":{"self":[{"href":"https:\/\/www.finnit.com\/fr\/wp-json\/wp\/v2\/pages\/575","targetHints":{"allow":["GET"]}}],"collection":[{"href":"https:\/\/www.finnit.com\/fr\/wp-json\/wp\/v2\/pages"}],"about":[{"href":"https:\/\/www.finnit.com\/fr\/wp-json\/wp\/v2\/types\/page"}],"author":[{"embeddable":true,"href":"https:\/\/www.finnit.com\/fr\/wp-json\/wp\/v2\/users\/1"}],"replies":[{"embeddable":true,"href":"https:\/\/www.finnit.com\/fr\/wp-json\/wp\/v2\/comments?post=575"}],"version-history":[{"count":1,"href":"https:\/\/www.finnit.com\/fr\/wp-json\/wp\/v2\/pages\/575\/revisions"}],"predecessor-version":[{"id":793,"href":"https:\/\/www.finnit.com\/fr\/wp-json\/wp\/v2\/pages\/575\/revisions\/793"}],"wp:attachment":[{"href":"https:\/\/www.finnit.com\/fr\/wp-json\/wp\/v2\/media?parent=575"}],"curies":[{"name":"wp","href":"https:\/\/api.w.org\/{rel}","templated":true}]}}