{"id":556,"date":"2019-02-13T00:27:05","date_gmt":"2019-02-12T22:27:05","guid":{"rendered":"https:\/\/www.finnit.com\/aviation\/"},"modified":"2023-09-22T08:43:44","modified_gmt":"2023-09-22T06:43:44","slug":"aviation","status":"publish","type":"page","link":"https:\/\/www.finnit.com\/fr\/aviation\/","title":{"rendered":"Aviation"},"content":{"rendered":"","protected":false},"excerpt":{"rendered":"","protected":false},"author":2,"featured_media":0,"parent":0,"menu_order":4,"comment_status":"closed","ping_status":"closed","template":"template-sectors.php","meta":{"_acf_changed":false,"footnotes":""},"class_list":["post-556","page","type-page","status-publish","hentry"],"acf":[],"yoast_head":"<!-- This site is optimized with the Yoast SEO plugin v27.0 - https:\/\/yoast.com\/product\/yoast-seo-wordpress\/ -->\n<title>Aviation - Finnit<\/title>\n<meta name=\"description\" content=\"Garantissez la s\u00e9curit\u00e9 des employ\u00e9s et des passagers, am\u00e9liorez la communication et rationalisez les processus avec une solution ERP pour l&#039;industrie a\u00e9ronautique. En tant qu&#039;agence ind\u00e9pendante, nous pouvons d\u00e9terminer le meilleur fournisseur pour votre organisation et installer le logiciel adapt\u00e9 \u00e0 vos besoins sp\u00e9cifiques.\" \/>\n<meta name=\"robots\" content=\"index, follow, max-snippet:-1, max-image-preview:large, max-video-preview:-1\" \/>\n<link rel=\"canonical\" href=\"https:\/\/www.finnit.com\/fr\/aviation\/\" \/>\n<meta property=\"og:locale\" content=\"fr_FR\" \/>\n<meta property=\"og:type\" content=\"article\" \/>\n<meta property=\"og:title\" content=\"Aviation - Finnit\" \/>\n<meta property=\"og:description\" content=\"Garantissez la s\u00e9curit\u00e9 des employ\u00e9s et des passagers, am\u00e9liorez la communication et rationalisez les processus avec une solution ERP pour l&#039;industrie a\u00e9ronautique. En tant qu&#039;agence ind\u00e9pendante, nous pouvons d\u00e9terminer le meilleur fournisseur pour votre organisation et installer le logiciel adapt\u00e9 \u00e0 vos besoins sp\u00e9cifiques.\" \/>\n<meta property=\"og:url\" content=\"https:\/\/www.finnit.com\/fr\/aviation\/\" \/>\n<meta property=\"og:site_name\" content=\"Finnit\" \/>\n<meta property=\"article:modified_time\" content=\"2023-09-22T06:43:44+00:00\" \/>\n<meta name=\"twitter:card\" content=\"summary_large_image\" \/>\n<script type=\"application\/ld+json\" class=\"yoast-schema-graph\">{\"@context\":\"https:\/\/schema.org\",\"@graph\":[{\"@type\":\"WebPage\",\"@id\":\"https:\/\/www.finnit.com\/fr\/aviation\/\",\"url\":\"https:\/\/www.finnit.com\/fr\/aviation\/\",\"name\":\"Aviation - Finnit\",\"isPartOf\":{\"@id\":\"https:\/\/www.finnit.com\/fr\/#website\"},\"datePublished\":\"2019-02-12T22:27:05+00:00\",\"dateModified\":\"2023-09-22T06:43:44+00:00\",\"description\":\"Garantissez la s\u00e9curit\u00e9 des employ\u00e9s et des passagers, am\u00e9liorez la communication et rationalisez les processus avec une solution ERP pour l'industrie a\u00e9ronautique. En tant qu'agence ind\u00e9pendante, nous pouvons d\u00e9terminer le meilleur fournisseur pour votre organisation et installer le logiciel adapt\u00e9 \u00e0 vos besoins sp\u00e9cifiques.\",\"breadcrumb\":{\"@id\":\"https:\/\/www.finnit.com\/fr\/aviation\/#breadcrumb\"},\"inLanguage\":\"fr-FR\",\"potentialAction\":[{\"@type\":\"ReadAction\",\"target\":[\"https:\/\/www.finnit.com\/fr\/aviation\/\"]}]},{\"@type\":\"BreadcrumbList\",\"@id\":\"https:\/\/www.finnit.com\/fr\/aviation\/#breadcrumb\",\"itemListElement\":[{\"@type\":\"ListItem\",\"position\":1,\"name\":\"Home\",\"item\":\"https:\/\/www.finnit.com\/fr\/home\/\"},{\"@type\":\"ListItem\",\"position\":2,\"name\":\"Aviation\"}]},{\"@type\":\"WebSite\",\"@id\":\"https:\/\/www.finnit.com\/fr\/#website\",\"url\":\"https:\/\/www.finnit.com\/fr\/\",\"name\":\"Finnit\",\"description\":\"\",\"publisher\":{\"@id\":\"https:\/\/www.finnit.com\/fr\/#organization\"},\"potentialAction\":[{\"@type\":\"SearchAction\",\"target\":{\"@type\":\"EntryPoint\",\"urlTemplate\":\"https:\/\/www.finnit.com\/fr\/?s={search_term_string}\"},\"query-input\":{\"@type\":\"PropertyValueSpecification\",\"valueRequired\":true,\"valueName\":\"search_term_string\"}}],\"inLanguage\":\"fr-FR\"},{\"@type\":\"Organization\",\"@id\":\"https:\/\/www.finnit.com\/fr\/#organization\",\"name\":\"Finnit\",\"url\":\"https:\/\/www.finnit.com\/fr\/\",\"logo\":{\"@type\":\"ImageObject\",\"inLanguage\":\"fr-FR\",\"@id\":\"https:\/\/www.finnit.com\/fr\/#\/schema\/logo\/image\/\",\"url\":\"https:\/\/www.finnit.com\/wp-content\/uploads\/2020\/01\/logo-footer.png\",\"contentUrl\":\"https:\/\/www.finnit.com\/wp-content\/uploads\/2020\/01\/logo-footer.png\",\"width\":260,\"height\":38,\"caption\":\"Finnit\"},\"image\":{\"@id\":\"https:\/\/www.finnit.com\/fr\/#\/schema\/logo\/image\/\"},\"sameAs\":[\"https:\/\/be.linkedin.com\/in\/toonsneyers\/en\"]}]}<\/script>\n<!-- \/ Yoast SEO plugin. -->","yoast_head_json":{"title":"Aviation - Finnit","description":"Garantissez la s\u00e9curit\u00e9 des employ\u00e9s et des passagers, am\u00e9liorez la communication et rationalisez les processus avec une solution ERP pour l'industrie a\u00e9ronautique. En tant qu'agence ind\u00e9pendante, nous pouvons d\u00e9terminer le meilleur fournisseur pour votre organisation et installer le logiciel adapt\u00e9 \u00e0 vos besoins sp\u00e9cifiques.","robots":{"index":"index","follow":"follow","max-snippet":"max-snippet:-1","max-image-preview":"max-image-preview:large","max-video-preview":"max-video-preview:-1"},"canonical":"https:\/\/www.finnit.com\/fr\/aviation\/","og_locale":"fr_FR","og_type":"article","og_title":"Aviation - Finnit","og_description":"Garantissez la s\u00e9curit\u00e9 des employ\u00e9s et des passagers, am\u00e9liorez la communication et rationalisez les processus avec une solution ERP pour l'industrie a\u00e9ronautique. En tant qu'agence ind\u00e9pendante, nous pouvons d\u00e9terminer le meilleur fournisseur pour votre organisation et installer le logiciel adapt\u00e9 \u00e0 vos besoins sp\u00e9cifiques.","og_url":"https:\/\/www.finnit.com\/fr\/aviation\/","og_site_name":"Finnit","article_modified_time":"2023-09-22T06:43:44+00:00","twitter_card":"summary_large_image","schema":{"@context":"https:\/\/schema.org","@graph":[{"@type":"WebPage","@id":"https:\/\/www.finnit.com\/fr\/aviation\/","url":"https:\/\/www.finnit.com\/fr\/aviation\/","name":"Aviation - Finnit","isPartOf":{"@id":"https:\/\/www.finnit.com\/fr\/#website"},"datePublished":"2019-02-12T22:27:05+00:00","dateModified":"2023-09-22T06:43:44+00:00","description":"Garantissez la s\u00e9curit\u00e9 des employ\u00e9s et des passagers, am\u00e9liorez la communication et rationalisez les processus avec une solution ERP pour l'industrie a\u00e9ronautique. En tant qu'agence ind\u00e9pendante, nous pouvons d\u00e9terminer le meilleur fournisseur pour votre organisation et installer le logiciel adapt\u00e9 \u00e0 vos besoins sp\u00e9cifiques.","breadcrumb":{"@id":"https:\/\/www.finnit.com\/fr\/aviation\/#breadcrumb"},"inLanguage":"fr-FR","potentialAction":[{"@type":"ReadAction","target":["https:\/\/www.finnit.com\/fr\/aviation\/"]}]},{"@type":"BreadcrumbList","@id":"https:\/\/www.finnit.com\/fr\/aviation\/#breadcrumb","itemListElement":[{"@type":"ListItem","position":1,"name":"Home","item":"https:\/\/www.finnit.com\/fr\/home\/"},{"@type":"ListItem","position":2,"name":"Aviation"}]},{"@type":"WebSite","@id":"https:\/\/www.finnit.com\/fr\/#website","url":"https:\/\/www.finnit.com\/fr\/","name":"Finnit","description":"","publisher":{"@id":"https:\/\/www.finnit.com\/fr\/#organization"},"potentialAction":[{"@type":"SearchAction","target":{"@type":"EntryPoint","urlTemplate":"https:\/\/www.finnit.com\/fr\/?s={search_term_string}"},"query-input":{"@type":"PropertyValueSpecification","valueRequired":true,"valueName":"search_term_string"}}],"inLanguage":"fr-FR"},{"@type":"Organization","@id":"https:\/\/www.finnit.com\/fr\/#organization","name":"Finnit","url":"https:\/\/www.finnit.com\/fr\/","logo":{"@type":"ImageObject","inLanguage":"fr-FR","@id":"https:\/\/www.finnit.com\/fr\/#\/schema\/logo\/image\/","url":"https:\/\/www.finnit.com\/wp-content\/uploads\/2020\/01\/logo-footer.png","contentUrl":"https:\/\/www.finnit.com\/wp-content\/uploads\/2020\/01\/logo-footer.png","width":260,"height":38,"caption":"Finnit"},"image":{"@id":"https:\/\/www.finnit.com\/fr\/#\/schema\/logo\/image\/"},"sameAs":["https:\/\/be.linkedin.com\/in\/toonsneyers\/en"]}]}},"_links":{"self":[{"href":"https:\/\/www.finnit.com\/fr\/wp-json\/wp\/v2\/pages\/556","targetHints":{"allow":["GET"]}}],"collection":[{"href":"https:\/\/www.finnit.com\/fr\/wp-json\/wp\/v2\/pages"}],"about":[{"href":"https:\/\/www.finnit.com\/fr\/wp-json\/wp\/v2\/types\/page"}],"author":[{"embeddable":true,"href":"https:\/\/www.finnit.com\/fr\/wp-json\/wp\/v2\/users\/2"}],"replies":[{"embeddable":true,"href":"https:\/\/www.finnit.com\/fr\/wp-json\/wp\/v2\/comments?post=556"}],"version-history":[{"count":1,"href":"https:\/\/www.finnit.com\/fr\/wp-json\/wp\/v2\/pages\/556\/revisions"}],"predecessor-version":[{"id":783,"href":"https:\/\/www.finnit.com\/fr\/wp-json\/wp\/v2\/pages\/556\/revisions\/783"}],"wp:attachment":[{"href":"https:\/\/www.finnit.com\/fr\/wp-json\/wp\/v2\/media?parent=556"}],"curies":[{"name":"wp","href":"https:\/\/api.w.org\/{rel}","templated":true}]}}